{"id":707,"date":"2022-04-14T01:27:33","date_gmt":"2022-04-14T01:27:33","guid":{"rendered":"https:\/\/modtel.travelerwp.com\/?page_id=707"},"modified":"2023-12-02T12:32:30","modified_gmt":"2023-12-02T22:32:30","slug":"contactez-nous","status":"publish","type":"page","link":"https:\/\/huahinelandtours.com\/en\/contactez-nous\/","title":{"rendered":"Contact us"},"content":{"rendered":"<div data-elementor-type=\"wp-page\" data-elementor-id=\"707\" class=\"elementor elementor-707\">\n\t\t\t\t\t\t<section class=\"elementor-section elementor-top-section elementor-element elementor-element-7286bf4b elementor-section-content-middle elementor-section-boxed elementor-section-height-default elementor-section-height-default\" data-id=\"7286bf4b\" data-element_type=\"section\" data-e-type=\"section\">\n\t\t\t\t\t\t<div class=\"elementor-container elementor-column-gap-default\">\n\t\t\t\t\t<div class=\"elementor-column elementor-col-50 elementor-top-column elementor-element elementor-element-b80a6ce\" data-id=\"b80a6ce\" data-element_type=\"column\" data-e-type=\"column\">\n\t\t\t<div class=\"elementor-widget-wrap elementor-element-populated\">\n\t\t\t\t\t\t<div class=\"elementor-element elementor-element-10e6865 elementor-widget elementor-widget-shortcode\" data-id=\"10e6865\" data-element_type=\"widget\" data-e-type=\"widget\" data-widget_type=\"shortcode.default\">\n\t\t\t\t<div class=\"elementor-widget-container\">\n\t\t\t\t\t\t\t<div class=\"elementor-shortcode\">\n<div class=\"wpcf7 no-js\" id=\"wpcf7-f15421-o1\" lang=\"en-US\" dir=\"ltr\" data-wpcf7-id=\"15421\">\n<div class=\"screen-reader-response\"><p role=\"status\" aria-live=\"polite\" aria-atomic=\"true\"><\/p> <ul><\/ul><\/div>\n<form action=\"\/en\/wp-json\/wp\/v2\/pages\/707#wpcf7-f15421-o1\" method=\"post\" class=\"wpcf7-form init cf7-style\" aria-label=\"Contact form\" novalidate=\"novalidate\" data-status=\"init\" data-trp-original-action=\"\/en\/wp-json\/wp\/v2\/pages\/707#wpcf7-f15421-o1\">\n<fieldset class=\"hidden-fields-container\"><input type=\"hidden\" name=\"_wpcf7\" value=\"15421\" \/><input type=\"hidden\" name=\"_wpcf7_version\" value=\"6.1.5\" \/><input type=\"hidden\" name=\"_wpcf7_locale\" value=\"en_US\" \/><input type=\"hidden\" name=\"_wpcf7_unit_tag\" value=\"wpcf7-f15421-o1\" \/><input type=\"hidden\" name=\"_wpcf7_container_post\" value=\"0\" \/><input type=\"hidden\" name=\"_wpcf7_posted_data_hash\" value=\"\" \/><input type=\"hidden\" name=\"_wpcf7_recaptcha_response\" value=\"\" \/>\n<\/fieldset>\n<div class=\"st-contact-form st-border-new\">\n\t<h3>Contact us\n\t<\/h3>\n\t<div class=\"mt30\">\n\t\t<h6>For any request for information, or personalized quote.\n\t\t<\/h6>\n\t\t<div class=\"mt20\">\n\t\t\t<div class=\"row\">\n\t\t\t\t<div class=\"col-md-6\">\n\t\t\t\t\t<div class=\"form-group\">\n\t\t\t\t\t\t<p><span class=\"wpcf7-form-control-wrap\" data-name=\"nom\"><input size=\"40\" maxlength=\"400\" class=\"wpcf7-form-control wpcf7-text form-control\" id=\"nom\" aria-invalid=\"false\" placeholder=\"NAME \/ First name\" value=\"\" type=\"text\" name=\"nom\" \/><\/span>\n\t\t\t\t\t\t<\/p>\n\t\t\t\t\t<\/div>\n\t\t\t\t<\/div>\n\t\t\t\t<div class=\"col-md-6\">\n\t\t\t\t\t<div class=\"form-group\">\n\t\t\t\t\t\t<p><span class=\"wpcf7-form-control-wrap\" data-name=\"phone\"><input size=\"40\" maxlength=\"400\" class=\"wpcf7-form-control wpcf7-tel wpcf7-text wpcf7-validates-as-tel form-control\" id=\"phone\" aria-invalid=\"false\" placeholder=\"Phone number\" value=\"\" type=\"tel\" name=\"phone\" \/><\/span>\n\t\t\t\t\t\t<\/p>\n\t\t\t\t\t<\/div>\n\t\t\t\t<\/div>\n\t\t\t<\/div>\n\t\t\t<div class=\"row\">\n\t\t\t\t<div class=\"col-md-12\">\n\t\t\t\t\t<div class=\"form-group\">\n\t\t\t\t\t\t<p><span class=\"wpcf7-form-control-wrap\" data-name=\"email\"><input size=\"40\" maxlength=\"400\" class=\"wpcf7-form-control wpcf7-email wpcf7-validates-as-required wpcf7-text wpcf7-validates-as-email form-control\" id=\"email\" aria-required=\"true\" aria-invalid=\"false\" placeholder=\"email *\" value=\"\" type=\"email\" name=\"email\" \/><\/span>\n\t\t\t\t\t\t<\/p>\n\t\t\t\t\t<\/div>\n\t\t\t\t<\/div>\n\t\t\t<\/div>\n\t\t\t<div class=\"form-group\">\n\t\t\t\t<p><span class=\"wpcf7-form-control-wrap\" data-name=\"message\"><textarea cols=\"40\" rows=\"10\" maxlength=\"2000\" class=\"wpcf7-form-control wpcf7-textarea form-control\" id=\"message\" aria-invalid=\"false\" placeholder=\"Message\" name=\"message\"><\/textarea><\/span>\n\t\t\t\t<\/p>\n\t\t\t<\/div>\n\t\t\t<div class=\"st-button-subbmit\">\n\t\t\t\t<p><input class=\"wpcf7-form-control wpcf7-submit has-spinner btn text-center btn-v2 btn-primary\" type=\"submit\" value=\"Send\" \/>\n\t\t\t\t<\/p>\n\t\t\t<\/div>\n\t\t<\/div>\n\t<\/div>\n<\/div><div class=\"wpcf7-response-output\" aria-hidden=\"true\"><\/div>\n<input type=\"hidden\" name=\"trp-form-language\" value=\"en\"\/><\/form>\n<\/div>\n<\/div>\n\t\t\t\t\t\t<\/div>\n\t\t\t\t<\/div>\n\t\t\t\t\t<\/div>\n\t\t<\/div>\n\t\t\t\t<div class=\"elementor-column elementor-col-50 elementor-top-column elementor-element elementor-element-4fc8b9e5\" data-id=\"4fc8b9e5\" data-element_type=\"column\" data-e-type=\"column\">\n\t\t\t<div class=\"elementor-widget-wrap elementor-element-populated\">\n\t\t\t\t\t\t<div class=\"elementor-element elementor-element-6bbd8299 elementor-widget elementor-widget-heading\" data-id=\"6bbd8299\" data-element_type=\"widget\" data-e-type=\"widget\" data-widget_type=\"heading.default\">\n\t\t\t\t<div class=\"elementor-widget-container\">\n\t\t\t\t\t<div class=\"elementor-heading-title elementor-size-default\">BP 140 FARE - 98731 HUAHINE - POLYNESIE FRANCAISE<\/div>\t\t\t\t<\/div>\n\t\t\t\t<\/div>\n\t\t\t\t<div class=\"elementor-element elementor-element-427920a1 elementor-position-inline-start elementor-mobile-position-inline-start elementor-view-default elementor-widget elementor-widget-icon-box\" data-id=\"427920a1\" data-element_type=\"widget\" data-e-type=\"widget\" data-widget_type=\"icon-box.default\">\n\t\t\t\t<div class=\"elementor-widget-container\">\n\t\t\t\t\t\t\t<div class=\"elementor-icon-box-wrapper\">\n\n\t\t\t\t\t\t<div class=\"elementor-icon-box-icon\">\n\t\t\t\t<a href=\"tel:+68940688921\" class=\"elementor-icon\" tabindex=\"-1\" aria-label=\"T\u00e9l\/Fax : +(689) 40 688 921\">\n\t\t\t\t<svg aria-hidden=\"true\" class=\"e-font-icon-svg e-fas-phone-square-alt\" viewbox=\"0 0 448 512\" xmlns=\"http:\/\/www.w3.org\/2000\/svg\"><path d=\"M400 32H48A48 48 0 0 0 0 80v352a48 48 0 0 0 48 48h352a48 48 0 0 0 48-48V80a48 48 0 0 0-48-48zm-16.39 307.37l-15 65A15 15 0 0 1 354 416C194 416 64 286.29 64 126a15.7 15.7 0 0 1 11.63-14.61l65-15A18.23 18.23 0 0 1 144 96a16.27 16.27 0 0 1 13.79 9.09l30 70A17.9 17.9 0 0 1 189 181a17 17 0 0 1-5.5 11.61l-37.89 31a231.91 231.91 0 0 0 110.78 110.78l31-37.89A17 17 0 0 1 299 291a17.85 17.85 0 0 1 5.91 1.21l70 30A16.25 16.25 0 0 1 384 336a17.41 17.41 0 0 1-.39 3.37z\"><\/path><\/svg>\t\t\t\t<\/a>\n\t\t\t<\/div>\n\t\t\t\n\t\t\t\t\t\t<div class=\"elementor-icon-box-content\">\n\n\t\t\t\t\t\t\t\t\t<h3 class=\"elementor-icon-box-title\">\n\t\t\t\t\t\t<a href=\"tel:+68940688921\" >\n\t\t\t\t\t\t\tT\u00e9l\/Fax : +(689) 40 688 921\t\t\t\t\t\t<\/a>\n\t\t\t\t\t<\/h3>\n\t\t\t\t\n\t\t\t\t\n\t\t\t<\/div>\n\t\t\t\n\t\t<\/div>\n\t\t\t\t\t\t<\/div>\n\t\t\t\t<\/div>\n\t\t\t\t<div class=\"elementor-element elementor-element-e47bd61 elementor-position-inline-start elementor-mobile-position-inline-start elementor-view-default elementor-widget elementor-widget-icon-box\" data-id=\"e47bd61\" data-element_type=\"widget\" data-e-type=\"widget\" data-widget_type=\"icon-box.default\">\n\t\t\t\t<div class=\"elementor-widget-container\">\n\t\t\t\t\t\t\t<div class=\"elementor-icon-box-wrapper\">\n\n\t\t\t\t\t\t<div class=\"elementor-icon-box-icon\">\n\t\t\t\t<a href=\"tel:+68987785831\" class=\"elementor-icon\" tabindex=\"-1\" aria-label=\"T\u00e9l\/Fax : +(689) 87 785 831\">\n\t\t\t\t<svg aria-hidden=\"true\" class=\"e-font-icon-svg e-fas-mobile-alt\" viewbox=\"0 0 320 512\" xmlns=\"http:\/\/www.w3.org\/2000\/svg\"><path d=\"M272 0H48C21.5 0 0 21.5 0 48v416c0 26.5 21.5 48 48 48h224c26.5 0 48-21.5 48-48V48c0-26.5-21.5-48-48-48zM160 480c-17.7 0-32-14.3-32-32s14.3-32 32-32 32 14.3 32 32-14.3 32-32 32zm112-108c0 6.6-5.4 12-12 12H60c-6.6 0-12-5.4-12-12V60c0-6.6 5.4-12 12-12h200c6.6 0 12 5.4 12 12v312z\"><\/path><\/svg>\t\t\t\t<\/a>\n\t\t\t<\/div>\n\t\t\t\n\t\t\t\t\t\t<div class=\"elementor-icon-box-content\">\n\n\t\t\t\t\t\t\t\t\t<h3 class=\"elementor-icon-box-title\">\n\t\t\t\t\t\t<a href=\"tel:+68987785831\" >\n\t\t\t\t\t\t\tT\u00e9l\/Fax : +(689) 87 785 831\t\t\t\t\t\t<\/a>\n\t\t\t\t\t<\/h3>\n\t\t\t\t\n\t\t\t\t\n\t\t\t<\/div>\n\t\t\t\n\t\t<\/div>\n\t\t\t\t\t\t<\/div>\n\t\t\t\t<\/div>\n\t\t\t\t<div class=\"elementor-element elementor-element-abd2c4d elementor-position-inline-start elementor-mobile-position-inline-start elementor-view-default elementor-widget elementor-widget-icon-box\" data-id=\"abd2c4d\" data-element_type=\"widget\" data-e-type=\"widget\" data-widget_type=\"icon-box.default\">\n\t\t\t\t<div class=\"elementor-widget-container\">\n\t\t\t\t\t\t\t<div class=\"elementor-icon-box-wrapper\">\n\n\t\t\t\t\t\t<div class=\"elementor-icon-box-icon\">\n\t\t\t\t<a href=\"mailto:huahineland@gmail.com\" class=\"elementor-icon\" tabindex=\"-1\" aria-label=\"eMail huahineland@gmail.com\">\n\t\t\t\t<svg aria-hidden=\"true\" class=\"e-font-icon-svg e-fas-envelope\" viewbox=\"0 0 512 512\" xmlns=\"http:\/\/www.w3.org\/2000\/svg\"><path d=\"M502.3 190.8c3.9-3.1 9.7-.2 9.7 4.7V400c0 26.5-21.5 48-48 48H48c-26.5 0-48-21.5-48-48V195.6c0-5 5.7-7.8 9.7-4.7 22.4 17.4 52.1 39.5 154.1 113.6 21.1 15.4 56.7 47.8 92.2 47.6 35.7.3 72-32.8 92.3-47.6 102-74.1 131.6-96.3 154-113.7zM256 320c23.2.4 56.6-29.2 73.4-41.4 132.7-96.3 142.8-104.7 173.4-128.7 5.8-4.5 9.2-11.5 9.2-18.9v-19c0-26.5-21.5-48-48-48H48C21.5 64 0 85.5 0 112v19c0 7.4 3.4 14.3 9.2 18.9 30.6 23.9 40.7 32.4 173.4 128.7 16.8 12.2 50.2 41.8 73.4 41.4z\"><\/path><\/svg>\t\t\t\t<\/a>\n\t\t\t<\/div>\n\t\t\t\n\t\t\t\t\t\t<div class=\"elementor-icon-box-content\">\n\n\t\t\t\t\t\t\t\t\t<h3 class=\"elementor-icon-box-title\">\n\t\t\t\t\t\t<a href=\"mailto:huahineland@gmail.com\" >\n\t\t\t\t\t\t\teMail huahineland@gmail.com\t\t\t\t\t\t<\/a>\n\t\t\t\t\t<\/h3>\n\t\t\t\t\n\t\t\t\t\n\t\t\t<\/div>\n\t\t\t\n\t\t<\/div>\n\t\t\t\t\t\t<\/div>\n\t\t\t\t<\/div>\n\t\t\t\t<div class=\"elementor-element elementor-element-ad89c8a elementor-widget elementor-widget-html\" data-id=\"ad89c8a\" data-element_type=\"widget\" data-e-type=\"widget\" data-widget_type=\"html.default\">\n\t\t\t\t<div class=\"elementor-widget-container\">\n\t\t\t\t\t<div id=\"TA_cdswritereviewlg547\" class=\"TA_cdswritereviewlg\"><link rel=\"stylesheet\" type=\"text\/css\" href=\"https:\/\/static.tacdn.com\/css2\/build\/concat\/styleguide-v22291400912a.css\" data-rup=\"styleguide\"> <div id=\"CDSWIDWRL\" class=\"widWRL  cx_brand_refresh1\"> <div class=\"widWRLData border\"> <div class=\"widWRLBranding\"> <dl> <dt> <a target=\"_blank\" href=\"https:\/\/www.tripadvisor.fr\/\"><img decoding=\"async\" src=\"https:\/\/static.tacdn.com\/img2\/brand_refresh\/Tripadvisor_lockup_horizontal_secondary_registered.svg\" alt=\"Tripadvisor\"><\/a> <\/dt> <\/dl> <\/div> <div class=\"widWRLLink\"> <a target=\"_blank\" href=\"https:\/\/www.tripadvisor.fr\/Attraction_Review-g3219351-d11750009-Reviews-Huahine_Land_Safari_Tour-Fare_Huahine_Society_Islands.html\" onclick=\"ta.cds.handleTALink(12097,this);return true;\" rel=\"nofollow\">Donnez votre avis sur Huahine Land Safari Tour<\/a> <\/div> <form action=\"https:\/\/www.tripadvisor.fr\/UserReview-g3219351-d11750009-Huahine_Land_Safari_Tour-Fare_Huahine_Society_Islands.html?m=12097\" target=\"_blank\" name=\"cdsWRLForm2897\" id=\"cdsWRLForm2897\" onsubmit=\"ta.cds.handleTALink(12097,this);return false;\"> <input type=\"hidden\" id=\"rating02897\" value=\"(Cliquez pour noter)\"> <input type=\"hidden\" id=\"rating12897\" value=\"Horrible\"> <input type=\"hidden\" id=\"rating22897\" value=\"M\u00e9diocre\"> <input type=\"hidden\" id=\"rating32897\" value=\"Moyen\"> <input type=\"hidden\" id=\"rating42897\" value=\"Tr\u00e8s bien\"> <input type=\"hidden\" id=\"rating52897\" value=\"Excellent\"> <input type=\"hidden\" id=\"defaultTitle2897\" value=\"Donnez un titre \u00e0 votre avis - D\u00e9crivez votre s\u00e9jour en une ligne ou moins.\"> <input type=\"hidden\" id=\"reviewTitle2897\" name=\"ReviewTitle\"> <div class=\"widWRLRating\"> <input type=\"hidden\" name=\"qid10\" id=\"qid102897\" value=\"0\"> <span class=\"widWRLRate ui_bubble_rating bubble_0\" id=\"ratingSpan\" onclick=\"return selectRating(this, event, true, 2897);\" onmousemove=\"return selectRating(this, event, false, 2897);\" onmouseout=\"return lastSetRating(this, 2897);\"> <\/span> <span id=\"ratingText2897\" class=\"widWRLRatingText\">(Cliquez pour noter) <\/span> <\/div> <div class=\"widWRLReview\"> <textarea id=\"taWRLTitle2897\" onfocus=\"initTextArea(this);\" rows=\"3\" cols=\"30\" onkeypress=\"limitLength(this, 120);\">Donnez un titre \u00e0 votre avis - D\u00e9crivez votre s\u00e9jour en une ligne ou moins.<\/textarea> <\/div> <div class=\"widWRLButton\"> <input type=\"submit\" id=\"taWRLContinue2897\" name=\"taWRLContinue2897\" value=\"Suite\" onclick=\"checkTextArea(2897);\"> <\/div> <\/form> <\/div> <\/div> <\/div>\t\t\t\t<\/div>\n\t\t\t\t<\/div>\n\t\t\t\t\t<\/div>\n\t\t<\/div>\n\t\t\t\t\t<\/div>\n\t\t<\/section>\n\t\t\t\t<\/div>","protected":false},"excerpt":{"rendered":"<p>BP 140 FARE &#8211; 98731 HUAHINE &#8211; POLYNESIE FRANCAISE T\u00e9l\/Fax : +(689) 40 688 921 T\u00e9l\/Fax : +(689) 87 785 831 eMail huahineland@gmail.com Donnez votre avis sur Huahine Land Safari Tour (Cliquez pour noter) Donnez un titre \u00e0 votre avis &#8211; D\u00e9crivez votre s\u00e9jour en une ligne ou moins.<\/p>","protected":false},"author":1,"featured_media":0,"parent":0,"menu_order":0,"comment_status":"closed","ping_status":"closed","template":"template-blank.php","meta":{"footnotes":""},"class_list":["post-707","page","type-page","status-publish","has-post-thumbnail","hentry"],"yoast_head":"<!-- This site is optimized with the Yoast SEO plugin v27.3 - https:\/\/yoast.com\/product\/yoast-seo-wordpress\/ -->\n<title>Contactez-nous - Huahine Land Safari Tour<\/title>\n<meta name=\"robots\" content=\"index, follow, max-snippet:-1, max-image-preview:large, max-video-preview:-1\" \/>\n<link rel=\"canonical\" href=\"https:\/\/huahinelandtours.com\/en\/contactez-nous\/\" \/>\n<meta property=\"og:locale\" content=\"en_GB\" \/>\n<meta property=\"og:type\" content=\"article\" \/>\n<meta property=\"og:title\" content=\"Contactez-nous - Huahine Land Safari Tour\" \/>\n<meta property=\"og:description\" content=\"BP 140 FARE &#8211; 98731 HUAHINE &#8211; POLYNESIE FRANCAISE T\u00e9l\/Fax : +(689) 40 688 921 T\u00e9l\/Fax : +(689) 87 785 831 eMail huahineland@gmail.com Donnez votre avis sur Huahine Land Safari Tour (Cliquez pour noter) Donnez un titre \u00e0 votre avis &#8211; D\u00e9crivez votre s\u00e9jour en une ligne ou moins.\" \/>\n<meta property=\"og:url\" content=\"https:\/\/huahinelandtours.com\/en\/contactez-nous\/\" \/>\n<meta property=\"og:site_name\" content=\"Huahine Land Safari Tour\" \/>\n<meta property=\"article:publisher\" content=\"https:\/\/www.facebook.com\/huahineland\/\" \/>\n<meta property=\"article:modified_time\" content=\"2023-12-02T22:32:30+00:00\" \/>\n<meta property=\"og:image\" content=\"https:\/\/static.tacdn.com\/img2\/brand_refresh\/Tripadvisor_lockup_horizontal_secondary_registered.svg\" \/>\n<meta name=\"twitter:card\" content=\"summary_large_image\" \/>\n<script type=\"application\/ld+json\" class=\"yoast-schema-graph\">{\"@context\":\"https:\\\/\\\/schema.org\",\"@graph\":[{\"@type\":\"WebPage\",\"@id\":\"https:\\\/\\\/huahinelandtours.com\\\/contactez-nous\\\/\",\"url\":\"https:\\\/\\\/huahinelandtours.com\\\/contactez-nous\\\/\",\"name\":\"Contactez-nous - Huahine Land Safari Tour\",\"isPartOf\":{\"@id\":\"https:\\\/\\\/huahinelandtours.com\\\/#website\"},\"primaryImageOfPage\":{\"@id\":\"https:\\\/\\\/huahinelandtours.com\\\/contactez-nous\\\/#primaryimage\"},\"image\":{\"@id\":\"https:\\\/\\\/huahinelandtours.com\\\/contactez-nous\\\/#primaryimage\"},\"thumbnailUrl\":\"https:\\\/\\\/static.tacdn.com\\\/img2\\\/brand_refresh\\\/Tripadvisor_lockup_horizontal_secondary_registered.svg\",\"datePublished\":\"2022-04-14T01:27:33+00:00\",\"dateModified\":\"2023-12-02T22:32:30+00:00\",\"breadcrumb\":{\"@id\":\"https:\\\/\\\/huahinelandtours.com\\\/contactez-nous\\\/#breadcrumb\"},\"inLanguage\":\"en-GB\",\"potentialAction\":[{\"@type\":\"ReadAction\",\"target\":[\"https:\\\/\\\/huahinelandtours.com\\\/contactez-nous\\\/\"]}]},{\"@type\":\"ImageObject\",\"inLanguage\":\"en-GB\",\"@id\":\"https:\\\/\\\/huahinelandtours.com\\\/contactez-nous\\\/#primaryimage\",\"url\":\"https:\\\/\\\/static.tacdn.com\\\/img2\\\/brand_refresh\\\/Tripadvisor_lockup_horizontal_secondary_registered.svg\",\"contentUrl\":\"https:\\\/\\\/static.tacdn.com\\\/img2\\\/brand_refresh\\\/Tripadvisor_lockup_horizontal_secondary_registered.svg\"},{\"@type\":\"BreadcrumbList\",\"@id\":\"https:\\\/\\\/huahinelandtours.com\\\/contactez-nous\\\/#breadcrumb\",\"itemListElement\":[{\"@type\":\"ListItem\",\"position\":1,\"name\":\"Accueil\",\"item\":\"https:\\\/\\\/huahinelandtours.com\\\/\"},{\"@type\":\"ListItem\",\"position\":2,\"name\":\"Contactez-nous\"}]},{\"@type\":\"WebSite\",\"@id\":\"https:\\\/\\\/huahinelandtours.com\\\/#website\",\"url\":\"https:\\\/\\\/huahinelandtours.com\\\/\",\"name\":\"Huahine Land Safari Tour\",\"description\":\"\",\"publisher\":{\"@id\":\"https:\\\/\\\/huahinelandtours.com\\\/#organization\"},\"potentialAction\":[{\"@type\":\"SearchAction\",\"target\":{\"@type\":\"EntryPoint\",\"urlTemplate\":\"https:\\\/\\\/huahinelandtours.com\\\/?s={search_term_string}\"},\"query-input\":{\"@type\":\"PropertyValueSpecification\",\"valueRequired\":true,\"valueName\":\"search_term_string\"}}],\"inLanguage\":\"en-GB\"},{\"@type\":\"Organization\",\"@id\":\"https:\\\/\\\/huahinelandtours.com\\\/#organization\",\"name\":\"Huahine Land Safari Tour\",\"url\":\"https:\\\/\\\/huahinelandtours.com\\\/\",\"logo\":{\"@type\":\"ImageObject\",\"inLanguage\":\"en-GB\",\"@id\":\"https:\\\/\\\/huahinelandtours.com\\\/#\\\/schema\\\/logo\\\/image\\\/\",\"url\":\"https:\\\/\\\/huahinelandtours.com\\\/wp-content\\\/uploads\\\/2022\\\/04\\\/logo-site.png\",\"contentUrl\":\"https:\\\/\\\/huahinelandtours.com\\\/wp-content\\\/uploads\\\/2022\\\/04\\\/logo-site.png\",\"width\":326,\"height\":180,\"caption\":\"Huahine Land Safari Tour\"},\"image\":{\"@id\":\"https:\\\/\\\/huahinelandtours.com\\\/#\\\/schema\\\/logo\\\/image\\\/\"},\"sameAs\":[\"https:\\\/\\\/www.facebook.com\\\/huahineland\\\/\",\"https:\\\/\\\/www.youtube.com\\\/watch?v=oIASDjsZ9sQ\"]}]}<\/script>\n<!-- \/ Yoast SEO plugin. -->","yoast_head_json":{"title":"Contactez-nous - Huahine Land Safari Tour","robots":{"index":"index","follow":"follow","max-snippet":"max-snippet:-1","max-image-preview":"max-image-preview:large","max-video-preview":"max-video-preview:-1"},"canonical":"https:\/\/huahinelandtours.com\/en\/contactez-nous\/","og_locale":"en_GB","og_type":"article","og_title":"Contactez-nous - Huahine Land Safari Tour","og_description":"BP 140 FARE &#8211; 98731 HUAHINE &#8211; POLYNESIE FRANCAISE T\u00e9l\/Fax : +(689) 40 688 921 T\u00e9l\/Fax : +(689) 87 785 831 eMail huahineland@gmail.com Donnez votre avis sur Huahine Land Safari Tour (Cliquez pour noter) Donnez un titre \u00e0 votre avis &#8211; D\u00e9crivez votre s\u00e9jour en une ligne ou moins.","og_url":"https:\/\/huahinelandtours.com\/en\/contactez-nous\/","og_site_name":"Huahine Land Safari Tour","article_publisher":"https:\/\/www.facebook.com\/huahineland\/","article_modified_time":"2023-12-02T22:32:30+00:00","og_image":[{"url":"https:\/\/static.tacdn.com\/img2\/brand_refresh\/Tripadvisor_lockup_horizontal_secondary_registered.svg","type":"","width":"","height":""}],"twitter_card":"summary_large_image","schema":{"@context":"https:\/\/schema.org","@graph":[{"@type":"WebPage","@id":"https:\/\/huahinelandtours.com\/contactez-nous\/","url":"https:\/\/huahinelandtours.com\/contactez-nous\/","name":"Contactez-nous - Huahine Land Safari Tour","isPartOf":{"@id":"https:\/\/huahinelandtours.com\/#website"},"primaryImageOfPage":{"@id":"https:\/\/huahinelandtours.com\/contactez-nous\/#primaryimage"},"image":{"@id":"https:\/\/huahinelandtours.com\/contactez-nous\/#primaryimage"},"thumbnailUrl":"https:\/\/static.tacdn.com\/img2\/brand_refresh\/Tripadvisor_lockup_horizontal_secondary_registered.svg","datePublished":"2022-04-14T01:27:33+00:00","dateModified":"2023-12-02T22:32:30+00:00","breadcrumb":{"@id":"https:\/\/huahinelandtours.com\/contactez-nous\/#breadcrumb"},"inLanguage":"en-GB","potentialAction":[{"@type":"ReadAction","target":["https:\/\/huahinelandtours.com\/contactez-nous\/"]}]},{"@type":"ImageObject","inLanguage":"en-GB","@id":"https:\/\/huahinelandtours.com\/contactez-nous\/#primaryimage","url":"https:\/\/static.tacdn.com\/img2\/brand_refresh\/Tripadvisor_lockup_horizontal_secondary_registered.svg","contentUrl":"https:\/\/static.tacdn.com\/img2\/brand_refresh\/Tripadvisor_lockup_horizontal_secondary_registered.svg"},{"@type":"BreadcrumbList","@id":"https:\/\/huahinelandtours.com\/contactez-nous\/#breadcrumb","itemListElement":[{"@type":"ListItem","position":1,"name":"Accueil","item":"https:\/\/huahinelandtours.com\/"},{"@type":"ListItem","position":2,"name":"Contactez-nous"}]},{"@type":"WebSite","@id":"https:\/\/huahinelandtours.com\/#website","url":"https:\/\/huahinelandtours.com\/","name":"Huahine Land Safari Tour","description":"","publisher":{"@id":"https:\/\/huahinelandtours.com\/#organization"},"potentialAction":[{"@type":"SearchAction","target":{"@type":"EntryPoint","urlTemplate":"https:\/\/huahinelandtours.com\/?s={search_term_string}"},"query-input":{"@type":"PropertyValueSpecification","valueRequired":true,"valueName":"search_term_string"}}],"inLanguage":"en-GB"},{"@type":"Organization","@id":"https:\/\/huahinelandtours.com\/#organization","name":"Huahine Land Safari Tour","url":"https:\/\/huahinelandtours.com\/","logo":{"@type":"ImageObject","inLanguage":"en-GB","@id":"https:\/\/huahinelandtours.com\/#\/schema\/logo\/image\/","url":"https:\/\/huahinelandtours.com\/wp-content\/uploads\/2022\/04\/logo-site.png","contentUrl":"https:\/\/huahinelandtours.com\/wp-content\/uploads\/2022\/04\/logo-site.png","width":326,"height":180,"caption":"Huahine Land Safari Tour"},"image":{"@id":"https:\/\/huahinelandtours.com\/#\/schema\/logo\/image\/"},"sameAs":["https:\/\/www.facebook.com\/huahineland\/","https:\/\/www.youtube.com\/watch?v=oIASDjsZ9sQ"]}]}},"_links":{"self":[{"href":"https:\/\/huahinelandtours.com\/en\/wp-json\/wp\/v2\/pages\/707","targetHints":{"allow":["GET"]}}],"collection":[{"href":"https:\/\/huahinelandtours.com\/en\/wp-json\/wp\/v2\/pages"}],"about":[{"href":"https:\/\/huahinelandtours.com\/en\/wp-json\/wp\/v2\/types\/page"}],"author":[{"embeddable":true,"href":"https:\/\/huahinelandtours.com\/en\/wp-json\/wp\/v2\/users\/1"}],"replies":[{"embeddable":true,"href":"https:\/\/huahinelandtours.com\/en\/wp-json\/wp\/v2\/comments?post=707"}],"version-history":[{"count":10,"href":"https:\/\/huahinelandtours.com\/en\/wp-json\/wp\/v2\/pages\/707\/revisions"}],"predecessor-version":[{"id":16345,"href":"https:\/\/huahinelandtours.com\/en\/wp-json\/wp\/v2\/pages\/707\/revisions\/16345"}],"wp:attachment":[{"href":"https:\/\/huahinelandtours.com\/en\/wp-json\/wp\/v2\/media?parent=707"}],"curies":[{"name":"wp","href":"https:\/\/api.w.org\/{rel}","templated":true}]}}